{"id":3274,"date":"2024-11-28T04:26:36","date_gmt":"2024-11-28T04:26:36","guid":{"rendered":"https:\/\/codemized.com\/inicio\/"},"modified":"2025-08-04T15:33:42","modified_gmt":"2025-08-04T15:33:42","slug":"inicio","status":"publish","type":"page","link":"https:\/\/codemized.com\/es\/","title":{"rendered":"Inicio"},"content":{"rendered":"","protected":false},"excerpt":{"rendered":"","protected":false},"author":2,"featured_media":3655,"parent":0,"menu_order":0,"comment_status":"closed","ping_status":"closed","template":"","meta":{"_acf_changed":false,"content-type":"","footnotes":""},"class_list":["post-3274","page","type-page","status-publish","has-post-thumbnail","hentry"],"acf":[],"yoast_head":"<!-- This site is optimized with the Yoast SEO plugin v27.3 - https:\/\/yoast.com\/product\/yoast-seo-wordpress\/ -->\n<title>Codemized | Custom Software Development Agency<\/title>\n<meta name=\"description\" content=\"Desarrollamos soluciones web y m\u00f3viles personalizadas con arquitectura escalable, UX s\u00f3lida y asociaciones estrat\u00e9gicas que impulsan el crecimiento empresarial.\" \/>\n<meta name=\"robots\" content=\"index, follow, max-snippet:-1, max-image-preview:large, max-video-preview:-1\" \/>\n<link rel=\"canonical\" href=\"https:\/\/codemized.com\/es\/\" \/>\n<meta property=\"og:locale\" content=\"es_ES\" \/>\n<meta property=\"og:type\" content=\"article\" \/>\n<meta property=\"og:title\" content=\"Codemized | Custom Software Development Agency\" \/>\n<meta property=\"og:description\" content=\"Desarrollamos soluciones web y m\u00f3viles personalizadas con arquitectura escalable, UX s\u00f3lida y asociaciones estrat\u00e9gicas que impulsan el crecimiento empresarial.\" \/>\n<meta property=\"og:url\" content=\"https:\/\/codemized.com\/es\/\" \/>\n<meta property=\"og:site_name\" content=\"Codemized\" \/>\n<meta property=\"article:publisher\" content=\"https:\/\/www.facebook.com\/profile.php?id=61556021256099\" \/>\n<meta property=\"article:modified_time\" content=\"2025-08-04T15:33:42+00:00\" \/>\n<meta property=\"og:image\" content=\"https:\/\/codemized.com\/wp-content\/uploads\/2025\/06\/COVER-1-1024x598.jpg\" \/>\n<meta name=\"twitter:card\" content=\"summary_large_image\" \/>\n<meta name=\"twitter:site\" content=\"@CodeMized\" \/>\n<meta name=\"twitter:label1\" content=\"Tiempo de lectura\" \/>\n\t<meta name=\"twitter:data1\" content=\"17 minutos\" \/>\n<script type=\"application\/ld+json\" class=\"yoast-schema-graph\">{\"@context\":\"https:\\\/\\\/schema.org\",\"@graph\":[{\"@type\":\"WebPage\",\"@id\":\"https:\\\/\\\/codemized.com\\\/es\\\/\",\"url\":\"https:\\\/\\\/codemized.com\\\/es\\\/\",\"name\":\"Codemized | Custom Software Development Agency\",\"isPartOf\":{\"@id\":\"https:\\\/\\\/codemized.com\\\/es\\\/#website\"},\"primaryImageOfPage\":{\"@id\":\"https:\\\/\\\/codemized.com\\\/es\\\/#primaryimage\"},\"image\":{\"@id\":\"https:\\\/\\\/codemized.com\\\/es\\\/#primaryimage\"},\"thumbnailUrl\":\"https:\\\/\\\/codemized.com\\\/wp-content\\\/uploads\\\/2025\\\/06\\\/COVER-1.jpg\",\"datePublished\":\"2024-11-28T04:26:36+00:00\",\"dateModified\":\"2025-08-04T15:33:42+00:00\",\"description\":\"Desarrollamos soluciones web y m\u00f3viles personalizadas con arquitectura escalable, UX s\u00f3lida y asociaciones estrat\u00e9gicas que impulsan el crecimiento empresarial.\",\"breadcrumb\":{\"@id\":\"https:\\\/\\\/codemized.com\\\/es\\\/#breadcrumb\"},\"inLanguage\":\"es\",\"potentialAction\":[{\"@type\":\"ReadAction\",\"target\":[\"https:\\\/\\\/codemized.com\\\/es\\\/\"]}]},{\"@type\":\"ImageObject\",\"inLanguage\":\"es\",\"@id\":\"https:\\\/\\\/codemized.com\\\/es\\\/#primaryimage\",\"url\":\"https:\\\/\\\/codemized.com\\\/wp-content\\\/uploads\\\/2025\\\/06\\\/COVER-1.jpg\",\"contentUrl\":\"https:\\\/\\\/codemized.com\\\/wp-content\\\/uploads\\\/2025\\\/06\\\/COVER-1.jpg\",\"width\":1922,\"height\":1123},{\"@type\":\"BreadcrumbList\",\"@id\":\"https:\\\/\\\/codemized.com\\\/es\\\/#breadcrumb\",\"itemListElement\":[{\"@type\":\"ListItem\",\"position\":1,\"name\":\"Portada\",\"item\":\"https:\\\/\\\/codemized.com\\\/es\\\/inicio\\\/\"},{\"@type\":\"ListItem\",\"position\":2,\"name\":\"Inicio\"}]},{\"@type\":\"WebSite\",\"@id\":\"https:\\\/\\\/codemized.com\\\/es\\\/#website\",\"url\":\"https:\\\/\\\/codemized.com\\\/es\\\/\",\"name\":\"Codemized\",\"description\":\"We are an IT services company specializing in providing custom software solutions for businesses and entrepreneurs. Our team of experts in programming and technology is committed to delivering comprehensive, high-quality solutions to our clients.\",\"publisher\":{\"@id\":\"https:\\\/\\\/codemized.com\\\/es\\\/#organization\"},\"alternateName\":\"Codemized IT\",\"potentialAction\":[{\"@type\":\"SearchAction\",\"target\":{\"@type\":\"EntryPoint\",\"urlTemplate\":\"https:\\\/\\\/codemized.com\\\/es\\\/?s={search_term_string}\"},\"query-input\":{\"@type\":\"PropertyValueSpecification\",\"valueRequired\":true,\"valueName\":\"search_term_string\"}}],\"inLanguage\":\"es\"},{\"@type\":\"Organization\",\"@id\":\"https:\\\/\\\/codemized.com\\\/es\\\/#organization\",\"name\":\"Codemized\",\"url\":\"https:\\\/\\\/codemized.com\\\/es\\\/\",\"logo\":{\"@type\":\"ImageObject\",\"inLanguage\":\"es\",\"@id\":\"https:\\\/\\\/codemized.com\\\/es\\\/#\\\/schema\\\/logo\\\/image\\\/\",\"url\":\"https:\\\/\\\/codemized.com\\\/wp-content\\\/uploads\\\/2025\\\/04\\\/identidad-codemized.svg\",\"contentUrl\":\"https:\\\/\\\/codemized.com\\\/wp-content\\\/uploads\\\/2025\\\/04\\\/identidad-codemized.svg\",\"caption\":\"Codemized\"},\"image\":{\"@id\":\"https:\\\/\\\/codemized.com\\\/es\\\/#\\\/schema\\\/logo\\\/image\\\/\"},\"sameAs\":[\"https:\\\/\\\/www.facebook.com\\\/profile.php?id=61556021256099\",\"https:\\\/\\\/x.com\\\/CodeMized\",\"https:\\\/\\\/www.instagram.com\\\/codemized\\\/\",\"https:\\\/\\\/www.linkedin.com\\\/company\\\/codemized\"]}]}<\/script>\n<!-- \/ Yoast SEO plugin. -->","yoast_head_json":{"title":"Codemized | Custom Software Development Agency","description":"Desarrollamos soluciones web y m\u00f3viles personalizadas con arquitectura escalable, UX s\u00f3lida y asociaciones estrat\u00e9gicas que impulsan el crecimiento empresarial.","robots":{"index":"index","follow":"follow","max-snippet":"max-snippet:-1","max-image-preview":"max-image-preview:large","max-video-preview":"max-video-preview:-1"},"canonical":"https:\/\/codemized.com\/es\/","og_locale":"es_ES","og_type":"article","og_title":"Codemized | Custom Software Development Agency","og_description":"Desarrollamos soluciones web y m\u00f3viles personalizadas con arquitectura escalable, UX s\u00f3lida y asociaciones estrat\u00e9gicas que impulsan el crecimiento empresarial.","og_url":"https:\/\/codemized.com\/es\/","og_site_name":"Codemized","article_publisher":"https:\/\/www.facebook.com\/profile.php?id=61556021256099","article_modified_time":"2025-08-04T15:33:42+00:00","og_image":[{"url":"https:\/\/codemized.com\/wp-content\/uploads\/2025\/06\/COVER-1-1024x598.jpg","type":"","width":"","height":""}],"twitter_card":"summary_large_image","twitter_site":"@CodeMized","twitter_misc":{"Tiempo de lectura":"17 minutos"},"schema":{"@context":"https:\/\/schema.org","@graph":[{"@type":"WebPage","@id":"https:\/\/codemized.com\/es\/","url":"https:\/\/codemized.com\/es\/","name":"Codemized | Custom Software Development Agency","isPartOf":{"@id":"https:\/\/codemized.com\/es\/#website"},"primaryImageOfPage":{"@id":"https:\/\/codemized.com\/es\/#primaryimage"},"image":{"@id":"https:\/\/codemized.com\/es\/#primaryimage"},"thumbnailUrl":"https:\/\/codemized.com\/wp-content\/uploads\/2025\/06\/COVER-1.jpg","datePublished":"2024-11-28T04:26:36+00:00","dateModified":"2025-08-04T15:33:42+00:00","description":"Desarrollamos soluciones web y m\u00f3viles personalizadas con arquitectura escalable, UX s\u00f3lida y asociaciones estrat\u00e9gicas que impulsan el crecimiento empresarial.","breadcrumb":{"@id":"https:\/\/codemized.com\/es\/#breadcrumb"},"inLanguage":"es","potentialAction":[{"@type":"ReadAction","target":["https:\/\/codemized.com\/es\/"]}]},{"@type":"ImageObject","inLanguage":"es","@id":"https:\/\/codemized.com\/es\/#primaryimage","url":"https:\/\/codemized.com\/wp-content\/uploads\/2025\/06\/COVER-1.jpg","contentUrl":"https:\/\/codemized.com\/wp-content\/uploads\/2025\/06\/COVER-1.jpg","width":1922,"height":1123},{"@type":"BreadcrumbList","@id":"https:\/\/codemized.com\/es\/#breadcrumb","itemListElement":[{"@type":"ListItem","position":1,"name":"Portada","item":"https:\/\/codemized.com\/es\/inicio\/"},{"@type":"ListItem","position":2,"name":"Inicio"}]},{"@type":"WebSite","@id":"https:\/\/codemized.com\/es\/#website","url":"https:\/\/codemized.com\/es\/","name":"Codemized","description":"We are an IT services company specializing in providing custom software solutions for businesses and entrepreneurs. Our team of experts in programming and technology is committed to delivering comprehensive, high-quality solutions to our clients.","publisher":{"@id":"https:\/\/codemized.com\/es\/#organization"},"alternateName":"Codemized IT","potentialAction":[{"@type":"SearchAction","target":{"@type":"EntryPoint","urlTemplate":"https:\/\/codemized.com\/es\/?s={search_term_string}"},"query-input":{"@type":"PropertyValueSpecification","valueRequired":true,"valueName":"search_term_string"}}],"inLanguage":"es"},{"@type":"Organization","@id":"https:\/\/codemized.com\/es\/#organization","name":"Codemized","url":"https:\/\/codemized.com\/es\/","logo":{"@type":"ImageObject","inLanguage":"es","@id":"https:\/\/codemized.com\/es\/#\/schema\/logo\/image\/","url":"https:\/\/codemized.com\/wp-content\/uploads\/2025\/04\/identidad-codemized.svg","contentUrl":"https:\/\/codemized.com\/wp-content\/uploads\/2025\/04\/identidad-codemized.svg","caption":"Codemized"},"image":{"@id":"https:\/\/codemized.com\/es\/#\/schema\/logo\/image\/"},"sameAs":["https:\/\/www.facebook.com\/profile.php?id=61556021256099","https:\/\/x.com\/CodeMized","https:\/\/www.instagram.com\/codemized\/","https:\/\/www.linkedin.com\/company\/codemized"]}]}},"_links":{"self":[{"href":"https:\/\/codemized.com\/es\/wp-json\/wp\/v2\/pages\/3274","targetHints":{"allow":["GET"]}}],"collection":[{"href":"https:\/\/codemized.com\/es\/wp-json\/wp\/v2\/pages"}],"about":[{"href":"https:\/\/codemized.com\/es\/wp-json\/wp\/v2\/types\/page"}],"author":[{"embeddable":true,"href":"https:\/\/codemized.com\/es\/wp-json\/wp\/v2\/users\/2"}],"replies":[{"embeddable":true,"href":"https:\/\/codemized.com\/es\/wp-json\/wp\/v2\/comments?post=3274"}],"version-history":[{"count":5,"href":"https:\/\/codemized.com\/es\/wp-json\/wp\/v2\/pages\/3274\/revisions"}],"predecessor-version":[{"id":3551,"href":"https:\/\/codemized.com\/es\/wp-json\/wp\/v2\/pages\/3274\/revisions\/3551"}],"wp:featuredmedia":[{"embeddable":true,"href":"https:\/\/codemized.com\/es\/wp-json\/wp\/v2\/media\/3655"}],"wp:attachment":[{"href":"https:\/\/codemized.com\/es\/wp-json\/wp\/v2\/media?parent=3274"}],"curies":[{"name":"wp","href":"https:\/\/api.w.org\/{rel}","templated":true}]}}